{"id":437,"date":"2025-08-31T20:18:23","date_gmt":"2025-08-31T18:18:23","guid":{"rendered":"http:\/\/as-de-pizz.fr\/?page_id=437"},"modified":"2025-08-31T20:18:54","modified_gmt":"2025-08-31T18:18:54","slug":"mentions-legales","status":"publish","type":"page","link":"https:\/\/as-de-pizz.fr\/?page_id=437","title":{"rendered":"Mentions L\u00e9gales"},"content":{"rendered":"\t\t<div data-elementor-type=\"wp-page\" data-elementor-id=\"437\" class=\"elementor elementor-437\" data-elementor-post-type=\"page\">\n\t\t\t\t<div class=\"elementor-element elementor-element-755ac12a e-flex e-con-boxed e-con e-parent\" data-id=\"755ac12a\" data-element_type=\"container\" data-e-type=\"container\">\n\t\t\t\t\t<div class=\"e-con-inner\">\n\t\t\t\t<div class=\"elementor-element elementor-element-6d1ce92c elementor-widget elementor-widget-text-editor\" data-id=\"6d1ce92c\" data-element_type=\"widget\" data-e-type=\"widget\" data-widget_type=\"text-editor.default\">\n\t\t\t\t\t\t\t\t\t\n<h1 class=\"wp-block-heading\">Mentions l\u00e9gales<\/h1>\n\n\n\n<h2 class=\"wp-block-heading\">\u00c9diteur du site<\/h2>\n\n\n\n<p><strong>SASU HERTERT (L\u2019As De Pizz)<\/strong><br>Si\u00e8ge social : 251 Route D\u00e9partementale 820 \u2013 82350 Albias \u2013 France<br>SIREN : 800 876 906<br>SIRET : 800 876 906 00010<br>N\u00b0 TVA intracommunautaire : FR94 800 876 906<br>Forme juridique : SASU \u2013 Soci\u00e9t\u00e9 par actions simplifi\u00e9e unipersonnelle<br>Activit\u00e9 principale : Restauration de type rapide (5610C)<br>Responsable de la publication : C\u00e9dric HERTERT<br>T\u00e9l\u00e9phone : 05 63 67 79 04<br>Email : <a>cedrichertert@gmail.com<\/a><\/p>\n\n\n\n<h2 class=\"wp-block-heading\">H\u00e9bergement<\/h2>\n\n\n\n<p>Le site est h\u00e9berg\u00e9 par :<br><strong>IONOS SARL<\/strong><br>7 place de la Gare \u2013 BP 70109<br>57200 Sarreguemines \u2013 France<br>T\u00e9l. : 09 70 80 89 11<\/p>\n\n\n\n<h2 class=\"wp-block-heading\">Propri\u00e9t\u00e9 intellectuelle<\/h2>\n\n\n\n<p>L\u2019ensemble des \u00e9l\u00e9ments pr\u00e9sents sur le site <em>as-de-pizz.fr<\/em> (textes, images, photographies, graphismes, logo, ic\u00f4nes, etc.) sont la propri\u00e9t\u00e9 exclusive de L\u2019As De Pizz, sauf mention contraire.<br>Toute reproduction, repr\u00e9sentation, modification, publication, adaptation de tout ou partie des \u00e9l\u00e9ments du site est interdite, sauf autorisation \u00e9crite pr\u00e9alable.<\/p>\n\n\n\n<h2 class=\"wp-block-heading\">Donn\u00e9es personnelles<\/h2>\n\n\n\n<p>Le site <em>as-de-pizz.fr<\/em> ne collecte pas de donn\u00e9es personnelles via formulaire de contact.<br>Les seules informations \u00e9ventuellement recueillies sont celles transmises volontairement par email ou par t\u00e9l\u00e9phone.<br>Conform\u00e9ment au R\u00e8glement G\u00e9n\u00e9ral sur la Protection des Donn\u00e9es (RGPD), vous disposez d\u2019un droit d\u2019acc\u00e8s, de rectification et de suppression de vos donn\u00e9es, que vous pouvez exercer en \u00e9crivant \u00e0 : <a>cedrichertert@gmail.com<\/a>.<\/p>\n\n\n\n<h2 class=\"wp-block-heading\">Cookies<\/h2>\n\n\n\n<p>Le site utilise <strong>Google Analytics<\/strong> afin de mesurer son audience.<br>Vous pouvez configurer votre navigateur pour refuser ou supprimer les cookies.<\/p>\n\n\n\n<h2 class=\"wp-block-heading\">Limitation de responsabilit\u00e9<\/h2>\n\n\n\n<p>L\u2019As De Pizz s\u2019efforce de fournir des informations fiables et \u00e0 jour sur le site. Toutefois, des erreurs ou omissions peuvent survenir. L\u2019As De Pizz ne saurait \u00eatre tenue pour responsable de l\u2019utilisation faite de ces informations ni des dommages directs ou indirects pouvant en d\u00e9couler.<\/p>\n\t\t\t\t\t\t\t\t<\/div>\n\t\t\t\t\t<\/div>\n\t\t\t\t<\/div>\n\t\t\t\t<\/div>\n\t\t","protected":false},"excerpt":{"rendered":"<p>Mentions l\u00e9gales \u00c9diteur du site SASU HERTERT (L\u2019As De Pizz)Si\u00e8ge social : 251 Route D\u00e9partementale 820 \u2013 82350 Albias \u2013 FranceSIREN : 800 876 906SIRET : 800 876 906 00010N\u00b0 TVA intracommunautaire : FR94 800 876 906Forme juridique : SASU \u2013 Soci\u00e9t\u00e9 par actions simplifi\u00e9e unipersonnelleActivit\u00e9 principale : Restauration de type rapide (5610C)Responsable de la [&hellip;]<\/p>\n","protected":false},"author":1,"featured_media":0,"parent":0,"menu_order":0,"comment_status":"closed","ping_status":"closed","template":"","meta":{"_acf_changed":false,"footnotes":""},"pizza_cat":[],"class_list":["post-437","page","type-page","status-publish","hentry"],"acf":[],"_links":{"self":[{"href":"https:\/\/as-de-pizz.fr\/index.php?rest_route=\/wp\/v2\/pages\/437","targetHints":{"allow":["GET"]}}],"collection":[{"href":"https:\/\/as-de-pizz.fr\/index.php?rest_route=\/wp\/v2\/pages"}],"about":[{"href":"https:\/\/as-de-pizz.fr\/index.php?rest_route=\/wp\/v2\/types\/page"}],"author":[{"embeddable":true,"href":"https:\/\/as-de-pizz.fr\/index.php?rest_route=\/wp\/v2\/users\/1"}],"replies":[{"embeddable":true,"href":"https:\/\/as-de-pizz.fr\/index.php?rest_route=%2Fwp%2Fv2%2Fcomments&post=437"}],"version-history":[{"count":4,"href":"https:\/\/as-de-pizz.fr\/index.php?rest_route=\/wp\/v2\/pages\/437\/revisions"}],"predecessor-version":[{"id":441,"href":"https:\/\/as-de-pizz.fr\/index.php?rest_route=\/wp\/v2\/pages\/437\/revisions\/441"}],"wp:attachment":[{"href":"https:\/\/as-de-pizz.fr\/index.php?rest_route=%2Fwp%2Fv2%2Fmedia&parent=437"}],"wp:term":[{"taxonomy":"pizza_cat","embeddable":true,"href":"https:\/\/as-de-pizz.fr\/index.php?rest_route=%2Fwp%2Fv2%2Fpizza_cat&post=437"}],"curies":[{"name":"wp","href":"https:\/\/api.w.org\/{rel}","templated":true}]}}