{"id":81,"date":"2025-08-24T23:32:23","date_gmt":"2025-08-24T21:32:23","guid":{"rendered":"http:\/\/as-de-pizz.fr\/galerie\/"},"modified":"2025-08-30T14:07:25","modified_gmt":"2025-08-30T12:07:25","slug":"galerie","status":"publish","type":"page","link":"https:\/\/as-de-pizz.fr\/?page_id=81","title":{"rendered":"Galerie"},"content":{"rendered":"\t\t<div data-elementor-type=\"wp-page\" data-elementor-id=\"81\" class=\"elementor elementor-81\" data-elementor-post-type=\"page\">\n\t\t\t\t<div class=\"elementor-element elementor-element-61395fc1 e-flex e-con-boxed e-con e-parent\" data-id=\"61395fc1\" data-element_type=\"container\" data-e-type=\"container\" data-settings=\"{&quot;background_background&quot;:&quot;classic&quot;}\">\n\t\t\t\t\t<div class=\"e-con-inner\">\n\t\t<div class=\"elementor-element elementor-element-5baefe9d e-con-full e-flex e-con e-child\" data-id=\"5baefe9d\" data-element_type=\"container\" data-e-type=\"container\">\n\t\t\t\t<div class=\"elementor-element elementor-element-58adb3cc elementor-widget elementor-widget-heading\" data-id=\"58adb3cc\" data-element_type=\"widget\" data-e-type=\"widget\" data-widget_type=\"heading.default\">\n\t\t\t\t\t<h2 class=\"elementor-heading-title elementor-size-default\">D\u00e9couvrez nos pizzas<\/h2>\t\t\t\t<\/div>\n\t\t\t\t<div class=\"elementor-element elementor-element-5dbd3dff elementor-widget elementor-widget-text-editor\" data-id=\"5dbd3dff\" data-element_type=\"widget\" data-e-type=\"widget\" data-widget_type=\"text-editor.default\">\n\t\t\t\t\t\t\t\t\t<p>Bienvenue dans notre univers gourmand ! Ici, vous trouverez un aper\u00e7u de nos d\u00e9licieuses pizzas. Chaque plat est pr\u00e9par\u00e9 avec soin, pour le plaisir de vos papilles. Restez avec nous pour parcourir notre galerie et d\u00e9couvrir pourquoi nos clients reviennent toujours.<\/p>\t\t\t\t\t\t\t\t<\/div>\n\t\t\t\t<\/div>\n\t\t\t\t\t<\/div>\n\t\t\t\t<\/div>\n\t\t<div class=\"elementor-element elementor-element-5dd2d3af e-flex e-con-boxed e-con e-parent\" data-id=\"5dd2d3af\" data-element_type=\"container\" data-e-type=\"container\">\n\t\t\t\t\t<div class=\"e-con-inner\">\n\t\t\t\t<div class=\"elementor-element elementor-element-4563956a elementor-widget elementor-widget-heading\" data-id=\"4563956a\" data-element_type=\"widget\" data-e-type=\"widget\" data-widget_type=\"heading.default\">\n\t\t\t\t\t<h2 class=\"elementor-heading-title elementor-size-default\">Galerie de nos cr\u00e9ations<\/h2>\t\t\t\t<\/div>\n\t\t\t\t<div class=\"elementor-element elementor-element-2755db1b elementor-widget elementor-widget-heading\" data-id=\"2755db1b\" data-element_type=\"widget\" data-e-type=\"widget\" data-widget_type=\"heading.default\">\n\t\t\t\t\t<h5 class=\"elementor-heading-title elementor-size-default\">D\u00e9couvrez nos d\u00e9licieuses pizzas, visitez nos boutiques et soyez au c\u0153ur de nos \u00e9v\u00e9nements.<\/h5>\t\t\t\t<\/div>\n\t\t<div class=\"elementor-element elementor-element-151f0654 e-grid e-con-full e-con e-child\" data-id=\"151f0654\" data-element_type=\"container\" data-e-type=\"container\">\n\t\t\t\t<div class=\"elementor-element elementor-element-7cbffa97 elementor-widget elementor-widget-image\" data-id=\"7cbffa97\" data-element_type=\"widget\" data-e-type=\"widget\" data-widget_type=\"image.default\">\n\t\t\t\t\t\t\t\t\t\t\t\t\t\t\t<img fetchpriority=\"high\" decoding=\"async\" width=\"2048\" height=\"1536\" src=\"https:\/\/as-de-pizz.fr\/wp-content\/uploads\/2025\/08\/IMG_4772-1.jpeg\" class=\"attachment-full size-full wp-image-248\" alt=\"\" srcset=\"https:\/\/as-de-pizz.fr\/wp-content\/uploads\/2025\/08\/IMG_4772-1.jpeg 2048w, https:\/\/as-de-pizz.fr\/wp-content\/uploads\/2025\/08\/IMG_4772-1-300x225.jpeg 300w, https:\/\/as-de-pizz.fr\/wp-content\/uploads\/2025\/08\/IMG_4772-1-1024x768.jpeg 1024w, https:\/\/as-de-pizz.fr\/wp-content\/uploads\/2025\/08\/IMG_4772-1-768x576.jpeg 768w, https:\/\/as-de-pizz.fr\/wp-content\/uploads\/2025\/08\/IMG_4772-1-1536x1152.jpeg 1536w\" sizes=\"(max-width: 2048px) 100vw, 2048px\" \/>\t\t\t\t\t\t\t\t\t\t\t\t\t\t\t<\/div>\n\t\t\t\t<div class=\"elementor-element elementor-element-231d25df elementor-widget elementor-widget-image\" data-id=\"231d25df\" data-element_type=\"widget\" data-e-type=\"widget\" data-widget_type=\"image.default\">\n\t\t\t\t\t\t\t\t\t\t\t\t\t\t\t<img decoding=\"async\" width=\"2048\" height=\"1536\" src=\"https:\/\/as-de-pizz.fr\/wp-content\/uploads\/2025\/08\/IMG_4819-e1756555075726.jpeg\" class=\"attachment-full size-full wp-image-236\" alt=\"\" srcset=\"https:\/\/as-de-pizz.fr\/wp-content\/uploads\/2025\/08\/IMG_4819-e1756555075726.jpeg 2048w, https:\/\/as-de-pizz.fr\/wp-content\/uploads\/2025\/08\/IMG_4819-e1756555075726-300x225.jpeg 300w, https:\/\/as-de-pizz.fr\/wp-content\/uploads\/2025\/08\/IMG_4819-e1756555075726-1024x768.jpeg 1024w, https:\/\/as-de-pizz.fr\/wp-content\/uploads\/2025\/08\/IMG_4819-e1756555075726-768x576.jpeg 768w, https:\/\/as-de-pizz.fr\/wp-content\/uploads\/2025\/08\/IMG_4819-e1756555075726-1536x1152.jpeg 1536w\" sizes=\"(max-width: 2048px) 100vw, 2048px\" \/>\t\t\t\t\t\t\t\t\t\t\t\t\t\t\t<\/div>\n\t\t\t\t<div class=\"elementor-element elementor-element-99f2a1e elementor-widget elementor-widget-image\" data-id=\"99f2a1e\" data-element_type=\"widget\" data-e-type=\"widget\" data-widget_type=\"image.default\">\n\t\t\t\t\t\t\t\t\t\t\t\t\t\t\t<img decoding=\"async\" width=\"2048\" height=\"1536\" src=\"https:\/\/as-de-pizz.fr\/wp-content\/uploads\/2025\/08\/IMG_4779.jpeg\" class=\"attachment-full size-full wp-image-223\" alt=\"\" srcset=\"https:\/\/as-de-pizz.fr\/wp-content\/uploads\/2025\/08\/IMG_4779.jpeg 2048w, https:\/\/as-de-pizz.fr\/wp-content\/uploads\/2025\/08\/IMG_4779-300x225.jpeg 300w, https:\/\/as-de-pizz.fr\/wp-content\/uploads\/2025\/08\/IMG_4779-1024x768.jpeg 1024w, https:\/\/as-de-pizz.fr\/wp-content\/uploads\/2025\/08\/IMG_4779-768x576.jpeg 768w, https:\/\/as-de-pizz.fr\/wp-content\/uploads\/2025\/08\/IMG_4779-1536x1152.jpeg 1536w\" sizes=\"(max-width: 2048px) 100vw, 2048px\" \/>\t\t\t\t\t\t\t\t\t\t\t\t\t\t\t<\/div>\n\t\t\t\t<\/div>\n\t\t\t\t<div class=\"elementor-element elementor-element-7bcd7d2 gallery-spacing-custom elementor-widget elementor-widget-image-gallery\" data-id=\"7bcd7d2\" data-element_type=\"widget\" data-e-type=\"widget\" data-widget_type=\"image-gallery.default\">\n\t\t\t\t\t\t\t<div class=\"elementor-image-gallery\">\n\t\t\t<div id='gallery-1' class='gallery galleryid-81 gallery-columns-10 gallery-size-thumbnail'><figure class='gallery-item'>\n\t\t\t<div class='gallery-icon portrait'>\n\t\t\t\t<img loading=\"lazy\" decoding=\"async\" width=\"150\" height=\"150\" src=\"https:\/\/as-de-pizz.fr\/wp-content\/uploads\/2025\/08\/IMG_4780-150x150.jpeg\" class=\"attachment-thumbnail size-thumbnail\" alt=\"\" \/>\n\t\t\t<\/div><\/figure><figure class='gallery-item'>\n\t\t\t<div class='gallery-icon landscape'>\n\t\t\t\t<img loading=\"lazy\" decoding=\"async\" width=\"150\" height=\"150\" src=\"https:\/\/as-de-pizz.fr\/wp-content\/uploads\/2025\/08\/IMG_4783-150x150.jpeg\" class=\"attachment-thumbnail size-thumbnail\" alt=\"\" \/>\n\t\t\t<\/div><\/figure><figure class='gallery-item'>\n\t\t\t<div class='gallery-icon portrait'>\n\t\t\t\t<img loading=\"lazy\" decoding=\"async\" width=\"150\" height=\"150\" src=\"https:\/\/as-de-pizz.fr\/wp-content\/uploads\/2025\/08\/IMG_4816-150x150.jpeg\" class=\"attachment-thumbnail size-thumbnail\" alt=\"\" \/>\n\t\t\t<\/div><\/figure><figure class='gallery-item'>\n\t\t\t<div class='gallery-icon portrait'>\n\t\t\t\t<img loading=\"lazy\" decoding=\"async\" width=\"150\" height=\"150\" src=\"https:\/\/as-de-pizz.fr\/wp-content\/uploads\/2025\/08\/IMG_4802-150x150.jpeg\" class=\"attachment-thumbnail size-thumbnail\" alt=\"\" \/>\n\t\t\t<\/div><\/figure><figure class='gallery-item'>\n\t\t\t<div class='gallery-icon portrait'>\n\t\t\t\t<img loading=\"lazy\" decoding=\"async\" width=\"150\" height=\"150\" src=\"https:\/\/as-de-pizz.fr\/wp-content\/uploads\/2025\/08\/IMG_4781-150x150.jpeg\" class=\"attachment-thumbnail size-thumbnail\" alt=\"\" \/>\n\t\t\t<\/div><\/figure><figure class='gallery-item'>\n\t\t\t<div class='gallery-icon landscape'>\n\t\t\t\t<img loading=\"lazy\" decoding=\"async\" width=\"150\" height=\"150\" src=\"https:\/\/as-de-pizz.fr\/wp-content\/uploads\/2025\/08\/IMG_4870-1-150x150.jpeg\" class=\"attachment-thumbnail size-thumbnail\" alt=\"\" srcset=\"https:\/\/as-de-pizz.fr\/wp-content\/uploads\/2025\/08\/IMG_4870-1-150x150.jpeg 150w, https:\/\/as-de-pizz.fr\/wp-content\/uploads\/2025\/08\/IMG_4870-1-300x300.jpeg 300w, https:\/\/as-de-pizz.fr\/wp-content\/uploads\/2025\/08\/IMG_4870-1-100x100.jpeg 100w\" sizes=\"(max-width: 150px) 100vw, 150px\" \/>\n\t\t\t<\/div><\/figure><figure class='gallery-item'>\n\t\t\t<div class='gallery-icon landscape'>\n\t\t\t\t<img loading=\"lazy\" decoding=\"async\" width=\"150\" height=\"150\" src=\"https:\/\/as-de-pizz.fr\/wp-content\/uploads\/2025\/08\/IMG_4822-150x150.jpeg\" class=\"attachment-thumbnail size-thumbnail\" alt=\"\" \/>\n\t\t\t<\/div><\/figure><figure class='gallery-item'>\n\t\t\t<div class='gallery-icon landscape'>\n\t\t\t\t<img loading=\"lazy\" decoding=\"async\" width=\"150\" height=\"150\" src=\"https:\/\/as-de-pizz.fr\/wp-content\/uploads\/2025\/08\/IMG_4866-150x150.jpeg\" class=\"attachment-thumbnail size-thumbnail\" alt=\"\" \/>\n\t\t\t<\/div><\/figure><figure class='gallery-item'>\n\t\t\t<div class='gallery-icon portrait'>\n\t\t\t\t<img loading=\"lazy\" decoding=\"async\" width=\"150\" height=\"150\" src=\"https:\/\/as-de-pizz.fr\/wp-content\/uploads\/2025\/08\/IMG_4801-150x150.jpeg\" class=\"attachment-thumbnail size-thumbnail\" alt=\"\" \/>\n\t\t\t<\/div><\/figure><figure class='gallery-item'>\n\t\t\t<div class='gallery-icon portrait'>\n\t\t\t\t<img loading=\"lazy\" decoding=\"async\" width=\"150\" height=\"150\" src=\"https:\/\/as-de-pizz.fr\/wp-content\/uploads\/2025\/08\/IMG_4782-150x150.jpeg\" class=\"attachment-thumbnail size-thumbnail\" alt=\"\" \/>\n\t\t\t<\/div><\/figure><figure class='gallery-item'>\n\t\t\t<div class='gallery-icon portrait'>\n\t\t\t\t<img loading=\"lazy\" decoding=\"async\" width=\"150\" height=\"150\" src=\"https:\/\/as-de-pizz.fr\/wp-content\/uploads\/2025\/08\/IMG_4775-150x150.jpeg\" class=\"attachment-thumbnail size-thumbnail\" alt=\"\" \/>\n\t\t\t<\/div><\/figure><figure class='gallery-item'>\n\t\t\t<div class='gallery-icon portrait'>\n\t\t\t\t<img loading=\"lazy\" decoding=\"async\" width=\"150\" height=\"150\" src=\"https:\/\/as-de-pizz.fr\/wp-content\/uploads\/2025\/08\/IMG_4800-150x150.jpeg\" class=\"attachment-thumbnail size-thumbnail\" alt=\"\" \/>\n\t\t\t<\/div><\/figure><figure class='gallery-item'>\n\t\t\t<div class='gallery-icon portrait'>\n\t\t\t\t<img loading=\"lazy\" decoding=\"async\" width=\"150\" height=\"150\" src=\"https:\/\/as-de-pizz.fr\/wp-content\/uploads\/2025\/08\/IMG_4867-150x150.jpeg\" class=\"attachment-thumbnail size-thumbnail\" alt=\"\" \/>\n\t\t\t<\/div><\/figure><figure class='gallery-item'>\n\t\t\t<div class='gallery-icon portrait'>\n\t\t\t\t<img loading=\"lazy\" decoding=\"async\" width=\"150\" height=\"150\" src=\"https:\/\/as-de-pizz.fr\/wp-content\/uploads\/2025\/08\/IMG_4856-1-150x150.jpeg\" class=\"attachment-thumbnail size-thumbnail\" alt=\"\" srcset=\"https:\/\/as-de-pizz.fr\/wp-content\/uploads\/2025\/08\/IMG_4856-1-150x150.jpeg 150w, https:\/\/as-de-pizz.fr\/wp-content\/uploads\/2025\/08\/IMG_4856-1-300x300.jpeg 300w, https:\/\/as-de-pizz.fr\/wp-content\/uploads\/2025\/08\/IMG_4856-1-100x100.jpeg 100w\" sizes=\"(max-width: 150px) 100vw, 150px\" \/>\n\t\t\t<\/div><\/figure><figure class='gallery-item'>\n\t\t\t<div class='gallery-icon landscape'>\n\t\t\t\t<img loading=\"lazy\" decoding=\"async\" width=\"150\" height=\"150\" src=\"https:\/\/as-de-pizz.fr\/wp-content\/uploads\/2025\/08\/IMG_4772-150x150.jpeg\" class=\"attachment-thumbnail size-thumbnail\" alt=\"\" \/>\n\t\t\t<\/div><\/figure><figure class='gallery-item'>\n\t\t\t<div class='gallery-icon portrait'>\n\t\t\t\t<img loading=\"lazy\" decoding=\"async\" width=\"150\" height=\"150\" src=\"https:\/\/as-de-pizz.fr\/wp-content\/uploads\/2025\/08\/IMG_4777-150x150.jpeg\" class=\"attachment-thumbnail size-thumbnail\" alt=\"\" \/>\n\t\t\t<\/div><\/figure><figure class='gallery-item'>\n\t\t\t<div class='gallery-icon landscape'>\n\t\t\t\t<img loading=\"lazy\" decoding=\"async\" width=\"150\" height=\"150\" src=\"https:\/\/as-de-pizz.fr\/wp-content\/uploads\/2025\/08\/IMG_4778-150x150.jpeg\" class=\"attachment-thumbnail size-thumbnail\" alt=\"\" \/>\n\t\t\t<\/div><\/figure><figure class='gallery-item'>\n\t\t\t<div class='gallery-icon portrait'>\n\t\t\t\t<img loading=\"lazy\" decoding=\"async\" width=\"150\" height=\"150\" src=\"https:\/\/as-de-pizz.fr\/wp-content\/uploads\/2025\/08\/IMG_4820-150x150.jpeg\" class=\"attachment-thumbnail size-thumbnail\" alt=\"\" \/>\n\t\t\t<\/div><\/figure><figure class='gallery-item'>\n\t\t\t<div class='gallery-icon portrait'>\n\t\t\t\t<img loading=\"lazy\" decoding=\"async\" width=\"150\" height=\"150\" src=\"https:\/\/as-de-pizz.fr\/wp-content\/uploads\/2025\/08\/IMG_4803-150x150.jpeg\" class=\"attachment-thumbnail size-thumbnail\" alt=\"\" \/>\n\t\t\t<\/div><\/figure>\n\t\t<\/div>\n\t\t<\/div>\n\t\t\t\t\t\t<\/div>\n\t\t\t\t\t<\/div>\n\t\t\t\t<\/div>\n\t\t<div class=\"elementor-element elementor-element-6be42382 e-flex e-con-boxed e-con e-parent\" data-id=\"6be42382\" data-element_type=\"container\" data-e-type=\"container\" data-settings=\"{&quot;background_background&quot;:&quot;classic&quot;}\">\n\t\t\t\t\t<div class=\"e-con-inner\">\n\t\t<div class=\"elementor-element elementor-element-1ac2454c e-con-full e-flex e-con e-child\" data-id=\"1ac2454c\" data-element_type=\"container\" data-e-type=\"container\">\n\t\t\t\t<div class=\"elementor-element elementor-element-20d7d053 elementor-widget elementor-widget-heading\" data-id=\"20d7d053\" data-element_type=\"widget\" data-e-type=\"widget\" data-widget_type=\"heading.default\">\n\t\t\t\t\t<h2 class=\"elementor-heading-title elementor-size-default\">Commander d\u00e8s maintenant!<\/h2>\t\t\t\t<\/div>\n\t\t\t\t<div class=\"elementor-element elementor-element-17a5b2f6 elementor-widget elementor-widget-text-editor\" data-id=\"17a5b2f6\" data-element_type=\"widget\" data-e-type=\"widget\" data-widget_type=\"text-editor.default\">\n\t\t\t\t\t\t\t\t\t<p>Ne laissez pas passer l&rsquo;occasion de savourer nos d\u00e9licieuses pizzas, commander aujourd&rsquo;hui et profitez d&rsquo;un moment convivial avec vos proches.<\/p>\t\t\t\t\t\t\t\t<\/div>\n\t\t<div class=\"elementor-element elementor-element-626a718c e-flex e-con-boxed e-con e-child\" data-id=\"626a718c\" data-element_type=\"container\" data-e-type=\"container\">\n\t\t\t\t\t<div class=\"e-con-inner\">\n\t\t\t\t<div class=\"elementor-element elementor-element-17668243 elementor-widget__width-auto elementor-align-right elementor-widget elementor-widget-button\" data-id=\"17668243\" data-element_type=\"widget\" data-e-type=\"widget\" data-widget_type=\"button.default\">\n\t\t\t\t\t\t\t\t\t\t<a class=\"elementor-button elementor-button-link elementor-size-sm\" href=\"#\">\n\t\t\t\t\t\t<span class=\"elementor-button-content-wrapper\">\n\t\t\t\t\t\t\t\t\t<span class=\"elementor-button-text\">Commander<\/span>\n\t\t\t\t\t<\/span>\n\t\t\t\t\t<\/a>\n\t\t\t\t\t\t\t\t<\/div>\n\t\t\t\t<div class=\"elementor-element elementor-element-1a54d0fe elementor-widget__width-auto elementor-align-right elementor-widget elementor-widget-button\" data-id=\"1a54d0fe\" data-element_type=\"widget\" data-e-type=\"widget\" data-widget_type=\"button.default\">\n\t\t\t\t\t\t\t\t\t\t<a class=\"elementor-button elementor-button-link elementor-size-sm\" href=\"https:\/\/as-de-pizz.fr\/menu\/\">\n\t\t\t\t\t\t<span class=\"elementor-button-content-wrapper\">\n\t\t\t\t\t\t\t\t\t<span class=\"elementor-button-text\">Menu<\/span>\n\t\t\t\t\t<\/span>\n\t\t\t\t\t<\/a>\n\t\t\t\t\t\t\t\t<\/div>\n\t\t\t\t\t<\/div>\n\t\t\t\t<\/div>\n\t\t\t\t<\/div>\n\t\t\t\t\t<\/div>\n\t\t\t\t<\/div>\n\t\t<div class=\"elementor-element elementor-element-27fd37a3 e-flex e-con-boxed e-con e-parent\" data-id=\"27fd37a3\" data-element_type=\"container\" data-e-type=\"container\">\n\t\t\t\t\t<div class=\"e-con-inner\">\n\t\t\t\t\t<\/div>\n\t\t\t\t<\/div>\n\t\t\t\t<\/div>\n\t\t","protected":false},"excerpt":{"rendered":"<p>D\u00e9couvrez nos pizzas Bienvenue dans notre univers gourmand ! Ici, vous trouverez un aper\u00e7u de nos d\u00e9licieuses pizzas. Chaque plat est pr\u00e9par\u00e9 avec soin, pour le plaisir de vos papilles. Restez avec nous pour parcourir notre galerie et d\u00e9couvrir pourquoi nos clients reviennent toujours. Galerie de nos cr\u00e9ations D\u00e9couvrez nos d\u00e9licieuses pizzas, visitez nos boutiques [&hellip;]<\/p>\n","protected":false},"author":1,"featured_media":0,"parent":0,"menu_order":0,"comment_status":"closed","ping_status":"closed","template":"","meta":{"_acf_changed":false,"footnotes":""},"pizza_cat":[],"class_list":["post-81","page","type-page","status-publish","hentry"],"acf":[],"_links":{"self":[{"href":"https:\/\/as-de-pizz.fr\/index.php?rest_route=\/wp\/v2\/pages\/81","targetHints":{"allow":["GET"]}}],"collection":[{"href":"https:\/\/as-de-pizz.fr\/index.php?rest_route=\/wp\/v2\/pages"}],"about":[{"href":"https:\/\/as-de-pizz.fr\/index.php?rest_route=\/wp\/v2\/types\/page"}],"author":[{"embeddable":true,"href":"https:\/\/as-de-pizz.fr\/index.php?rest_route=\/wp\/v2\/users\/1"}],"replies":[{"embeddable":true,"href":"https:\/\/as-de-pizz.fr\/index.php?rest_route=%2Fwp%2Fv2%2Fcomments&post=81"}],"version-history":[{"count":13,"href":"https:\/\/as-de-pizz.fr\/index.php?rest_route=\/wp\/v2\/pages\/81\/revisions"}],"predecessor-version":[{"id":257,"href":"https:\/\/as-de-pizz.fr\/index.php?rest_route=\/wp\/v2\/pages\/81\/revisions\/257"}],"wp:attachment":[{"href":"https:\/\/as-de-pizz.fr\/index.php?rest_route=%2Fwp%2Fv2%2Fmedia&parent=81"}],"wp:term":[{"taxonomy":"pizza_cat","embeddable":true,"href":"https:\/\/as-de-pizz.fr\/index.php?rest_route=%2Fwp%2Fv2%2Fpizza_cat&post=81"}],"curies":[{"name":"wp","href":"https:\/\/api.w.org\/{rel}","templated":true}]}}